{"id":37911,"date":"2019-09-17T09:38:20","date_gmt":"2019-09-17T07:38:20","guid":{"rendered":"https:\/\/mie-scintron.com\/scintron-technology-block\/"},"modified":"2025-04-10T09:24:32","modified_gmt":"2025-04-10T07:24:32","slug":"scintron-technology-block","status":"publish","type":"page","link":"https:\/\/mie-scintron.com\/de\/scintron-technology-block\/","title":{"rendered":"Scintron Technology Block"},"content":{"rendered":"<div class=\"wpb-content-wrapper\"><p>[vc_row el_id=&#8220;scintrontechnology&#8220; css=&#8220;.vc_custom_1529181126315{padding-top: 50px !important;}&#8220;][vc_column][vc_column_text]<\/p>\n<h2 style=\"text-align: center;\">SCINTRON TECHNOLOGIE<\/h2>\n<p>[\/vc_column_text][\/vc_column][\/vc_row][vc_row full_width=&#8220;stretch_row&#8220; equal_height=&#8220;yes&#8220; content_placement=&#8220;top&#8220; css=&#8220;.vc_custom_1529072957446{padding-bottom: 50px !important;background-position: center !important;background-repeat: no-repeat !important;background-size: cover !important;}&#8220; el_class=&#8220;background-position-left-center&#8220;][vc_column width=&#8220;1\/4&#8243;]<div class=\"gem-icon-with-text gem-icon-with-text-icon-size-medium centered-box\" ><div style=\"margin-bottom:20px;margin-top:0px; \" class=\"gem-icon-with-text-icon\"><div class=\"gem-icon gem-icon-pack-fontawesome gem-icon-size-medium  gem-icon-shape-square gem-simple-icon \"  style=\"opacity: 1;\"><div class=\"gem-icon-inner\" style=\"\"><span class=\"gem-icon-half-1\" style=\"color: #0072bb;\"><span class=\"back-angle\">&#xf0ad;<\/span><\/span><span class=\"gem-icon-half-2\" style=\"color: #0072bb;\"><span class=\"back-angle\">&#xf0ad;<\/span><\/span><\/div><\/div><\/div><div class=\"gem-icon-with-text-content\" ><div class=\"gem-icon-with-text-text\">[vc_column_text css_animation=&#8220;none&#8220;]<\/p>\n<h5><strong>SUPPORT UND SERVICE<\/strong><\/h5>\n<p>Die gesamte Produktion, Entwicklung und Service-Koordination erfolgt zentral am Hauptstandort. Dies erm\u00f6glicht dem Kunden einen direkten Zugriff auf die Ansprechpartner im Service und der Softwareentwicklung. Per Fernwartung ist eine schnelle und gezielte Diagnose und Probleml\u00f6sung m\u00f6glich. Ein dichtes Servicenetz gew\u00e4hrleistet kurze Wege zum Kunden.[\/vc_column_text]<\/div><\/div><div class=\"clearboth\"><\/div><\/div>[\/vc_column][vc_column width=&#8220;1\/4&#8243;]<div class=\"gem-icon-with-text gem-icon-with-text-icon-size-medium centered-box\" ><div style=\"margin-bottom:20px;margin-top:0px; \" class=\"gem-icon-with-text-icon\"><div class=\"gem-icon gem-icon-pack-fontawesome gem-icon-size-medium  gem-icon-shape-square gem-simple-icon \"  style=\"opacity: 1;\"><div class=\"gem-icon-inner\" style=\"\"><span class=\"gem-icon-half-1\" style=\"color: #0072bb;\"><span class=\"back-angle\">&#xf022;<\/span><\/span><span class=\"gem-icon-half-2\" style=\"color: #0072bb;\"><span class=\"back-angle\">&#xf022;<\/span><\/span><\/div><\/div><\/div><div class=\"gem-icon-with-text-content\" ><div class=\"gem-icon-with-text-text\">[vc_column_text css=&#8220;&#8220; css_animation=&#8220;none&#8220;]<\/p>\n<h5><strong>Windows IoT Workstation<\/strong><\/h5>\n<p><\/p>\n<p style=\"margin-bottom: 12.0pt;\">Die SCINTRON Workstation ist zentraler Bestandteil aller MiE Kamerasysteme und erm\u00f6glicht die parallele Aufnahme und Auswertung verschiedener Studien. Das Windows 10 IoT Betriebssystem bietet ein hohes Ma\u00df an Sicherheit in Ihrem Netzwerk.<\/p>\n<p>[\/vc_column_text]<\/div><\/div><div class=\"clearboth\"><\/div><\/div>[\/vc_column][vc_column width=&#8220;1\/4&#8243;]<div class=\"gem-icon-with-text gem-icon-with-text-icon-size-medium centered-box\" ><div style=\"margin-bottom:20px;margin-top:0px; \" class=\"gem-icon-with-text-icon\"><div class=\"gem-icon gem-icon-pack-fontawesome gem-icon-size-medium  gem-icon-shape-square gem-simple-icon \"  style=\"opacity: 1;\"><div class=\"gem-icon-inner\" style=\"\"><span class=\"gem-icon-half-1\" style=\"color: #0072bb;\"><span class=\"back-angle\">&#xf20e;<\/span><\/span><span class=\"gem-icon-half-2\" style=\"color: #0072bb;\"><span class=\"back-angle\">&#xf20e;<\/span><\/span><\/div><\/div><\/div><div class=\"gem-icon-with-text-content\" ><div class=\"gem-icon-with-text-text\">[vc_column_text css_animation=&#8220;none&#8220;]<\/p>\n<h5><strong>DICOM 3.0 Schnittstelle<\/strong><\/h5>\n<p>\u00dcber DICOM-Schnittstellen ist eine problemlose Kommunikation mit RIS\/HIS und<br \/>PACS m\u00f6glich.[\/vc_column_text]<\/div><\/div><div class=\"clearboth\"><\/div><\/div>[\/vc_column][vc_column width=&#8220;1\/4&#8243;]<div class=\"gem-icon-with-text gem-icon-with-text-icon-size-medium centered-box\" ><div style=\"margin-bottom:20px;margin-top:0px; \" class=\"gem-icon-with-text-icon\"><div class=\"gem-icon gem-icon-pack-elegant gem-icon-size-medium  gem-icon-shape-square gem-simple-icon \"  style=\"opacity: 1;\"><div class=\"gem-icon-inner\" style=\"\"><span class=\"gem-icon-half-1\" style=\"color: #0072bb;\"><span class=\"back-angle\">&#x5a;<\/span><\/span><span class=\"gem-icon-half-2\" style=\"color: #0072bb;\"><span class=\"back-angle\">&#x5a;<\/span><\/span><\/div><\/div><\/div><div class=\"gem-icon-with-text-content\" ><div class=\"gem-icon-with-text-text\">[vc_column_text css_animation=&#8220;none&#8220;]<\/p>\n<h5><strong>UPDATES und UPGRADES<\/strong><\/h5>\n<p>Durch eine permanente Weiterentwicklung der Software stehen dem Kunden immer aktuellste Auswertemethoden zur Verf\u00fcgung. MiE garantiert zudem eine Ersatzteilverf\u00fcgbarkeit von mindestens 10 Jahren.[\/vc_column_text]<\/div><\/div><div class=\"clearboth\"><\/div><\/div>[\/vc_column][\/vc_row][vc_row full_width=&#8220;stretch_row&#8220; equal_height=&#8220;yes&#8220; content_placement=&#8220;middle&#8220; el_id=&#8220;hardware&#8220; css=&#8220;.vc_custom_1654677096198{margin-bottom: 0px !important;padding-top: 50px !important;padding-bottom: 50px !important;background-position: center !important;background-repeat: no-repeat !important;background-size: contain !important;}&#8220;][vc_column css=&#8220;.vc_custom_1529167841795{background-position: center !important;background-repeat: no-repeat !important;background-size: cover !important;}&#8220; el_class=&#8220;nothing&#8220;][vc_column_text]<\/p>\n<h2 style=\"text-align: center;\">SCINTRON HARDWARE<\/h2>\n<p>[\/vc_column_text][vc_empty_space][vc_row_inner equal_height=&#8220;yes&#8220;][vc_column_inner width=&#8220;1\/3&#8243;][vc_column_text]<\/p>\n<h4 class=\"p1\" style=\"text-align: left;\">Aufnahme- und Auswertungs-Hardware<\/h4>\n<p>[\/vc_column_text][vc_column_text]<\/p>\n<h5>neu \u2013 zuverl\u00e4ssig\u2013 verf\u00fcgbar<\/h5>\n<p>[\/vc_column_text][vc_column_text]<\/p>\n<p class=\"p1\">Die voll integrierte SCINTRON Workstation erm\u00f6glicht die gleichzeitige Auswertung und Aufnahme verschiedener Studien auf einer Workstation.<\/p>\n<p>[\/vc_column_text][\/vc_column_inner][vc_column_inner width=&#8220;1\/3&#8243;][vc_column_text]<\/p>\n<ul class=\"arrow-list\">\n<li>Von MiE entwickelte Hardware garantiert zuverl\u00e4ssige Verf\u00fcgbarkeit der Komponenten<\/li>\n<li>Intuitive Software zum effizienten Einsatz im t\u00e4glichen Arbeitsablauf<\/li>\n<li>Parallele Aufnahme und Auswertung erm\u00f6glicht einen hohen Patientendurchsatz<\/li>\n<li>DICOM Schnittstelle<\/li>\n<li>Remote-Support \u00fcber Fernwartung und Telefon<\/li>\n<\/ul>\n<p>[\/vc_column_text][\/vc_column_inner][vc_column_inner width=&#8220;1\/3&#8243; css=&#8220;.vc_custom_1654677599994{background-image: url(https:\/\/mie-scintron.com\/wp-content\/uploads\/2018\/06\/platine_transparent.png?id=33231) !important;background-position: center !important;background-repeat: no-repeat !important;background-size: contain !important;}&#8220;][vc_empty_space height=&#8220;400px&#8220;][\/vc_column_inner][\/vc_row_inner][vc_empty_space][\/vc_column][\/vc_row]<\/p>\n<\/div>","protected":false},"excerpt":{"rendered":"<p>[vc_row el_id=&#8220;scintrontechnology&#8220; css=&#8220;.vc_custom_1529181126315{padding-top: 50px !important;}&#8220;][vc_column][vc_column_text] SCINTRON TECHNOLOGIE [\/vc_column_text][\/vc_column][\/vc_row][vc_row full_width=&#8220;stretch_row&#8220; equal_height=&#8220;yes&#8220; content_placement=&#8220;top&#8220; css=&#8220;.vc_custom_1529072957446{padding-bottom: 50px !important;background-position: center !important;background-repeat: no-repeat !important;background-size: cover !important;}&#8220;&#8230;<\/p>\n","protected":false},"author":1,"featured_media":0,"parent":0,"menu_order":44,"comment_status":"closed","ping_status":"closed","template":"","meta":{"_acf_changed":false,"footnotes":""},"categories":[],"tags":[],"class_list":["post-37911","page","type-page","status-publish"],"acf":[],"_links":{"self":[{"href":"https:\/\/mie-scintron.com\/de\/wp-json\/wp\/v2\/pages\/37911","targetHints":{"allow":["GET"]}}],"collection":[{"href":"https:\/\/mie-scintron.com\/de\/wp-json\/wp\/v2\/pages"}],"about":[{"href":"https:\/\/mie-scintron.com\/de\/wp-json\/wp\/v2\/types\/page"}],"author":[{"embeddable":true,"href":"https:\/\/mie-scintron.com\/de\/wp-json\/wp\/v2\/users\/1"}],"replies":[{"embeddable":true,"href":"https:\/\/mie-scintron.com\/de\/wp-json\/wp\/v2\/comments?post=37911"}],"version-history":[{"count":9,"href":"https:\/\/mie-scintron.com\/de\/wp-json\/wp\/v2\/pages\/37911\/revisions"}],"predecessor-version":[{"id":52679,"href":"https:\/\/mie-scintron.com\/de\/wp-json\/wp\/v2\/pages\/37911\/revisions\/52679"}],"wp:attachment":[{"href":"https:\/\/mie-scintron.com\/de\/wp-json\/wp\/v2\/media?parent=37911"}],"wp:term":[{"taxonomy":"category","embeddable":true,"href":"https:\/\/mie-scintron.com\/de\/wp-json\/wp\/v2\/categories?post=37911"},{"taxonomy":"post_tag","embeddable":true,"href":"https:\/\/mie-scintron.com\/de\/wp-json\/wp\/v2\/tags?post=37911"}],"curies":[{"name":"wp","href":"https:\/\/api.w.org\/{rel}","templated":true}]}}