{"id":38110,"date":"2019-09-18T12:40:28","date_gmt":"2019-09-18T10:40:28","guid":{"rendered":"https:\/\/mie-scintron.com\/jobs\/"},"modified":"2025-07-31T15:24:40","modified_gmt":"2025-07-31T13:24:40","slug":"jobs","status":"publish","type":"page","link":"https:\/\/mie-scintron.com\/de\/jobs\/","title":{"rendered":"Jobs"},"content":{"rendered":"<div class=\"wpb-content-wrapper\"><p>[vc_row full_width=&#8220;stretch_row&#8220; content_placement=&#8220;middle&#8220; el_class=&#8220;scrollmagic-pin-spacer&#8220; css=&#8220;.vc_custom_1653394375881{margin-top: 0px !important;margin-bottom: 0px !important;padding-top: 50px !important;padding-bottom: 50px !important;background-image: url(https:\/\/mie-scintron.com\/wp-content\/uploads\/2020\/10\/bg-hexagon.jpg?id=39872) !important;background-position: center !important;background-repeat: no-repeat !important;background-size: cover !important;}&#8220;][vc_column css=&#8220;.vc_custom_1653394905612{background-position: center !important;background-repeat: no-repeat !important;background-size: cover !important;}&#8220; el_class=&#8220;white-box-black-text&#8220;][vc_column_text]<\/p>\n<h1 style=\"text-align: center;\">JOB BOARD<\/h1>\n<p>[\/vc_column_text][\/vc_column][\/vc_row][vc_row][vc_column][vc_column_text]<div class=\"job_listings\" data-location=\"Germany\" data-keywords=\"\" data-show_filters=\"true\" data-show_pagination=\"false\" data-per_page=\"100\" data-orderby=\"featured\" data-order=\"DESC\" data-categories=\"\" data-disable-form-state-storage=\"\" data-featured_first=\"false\" data-filled=\"false\" data-post_id=\"38110\" >\n<form class=\"job_filters\">\n\t\n\t<div class=\"search_jobs\">\n\t\t\n\t\t<div class=\"search_keywords\">\n\t\t\t<label for=\"search_keywords\">Stichw\u00f6rter<\/label>\n\t\t\t<input type=\"text\" name=\"search_keywords\" id=\"search_keywords\" placeholder=\"Stichw\u00f6rter\" value=\"\" \/>\n\t\t<\/div>\n\n\t\t<div class=\"search_location\">\n\t\t\t<label for=\"search_location\">Arbeitsort<\/label>\n\t\t\t<input type=\"text\" name=\"search_location\" id=\"search_location\" placeholder=\"Arbeitsort\" value=\"Germany\" \/>\n\t\t<\/div>\n\n\t\t\t\t\t<div class=\"search_remote_position\">\n\t\t\t\t<input type=\"checkbox\" class=\"input-checkbox\" name=\"remote_position\" id=\"remote_position\" placeholder=\"Arbeitsort\" value=\"1\"  \/>\n\t\t\t\t<label for=\"remote_position\" id=\"remote_position_label\">Nur Remote Postionen<\/label>\n\t\t\t<\/div>\n\t\t\n\t\t<div style=\"clear: both\"><\/div>\n\n\t\t\t\t\t<div class=\"search_categories\">\n\t\t\t\t<label for=\"search_categories\">Kategorie<\/label>\n\t\t\t\t\t\t\t\t\t<select name='search_categories[]' id='search_categories' class='job-manager-category-dropdown ' multiple='multiple' data-placeholder='Kategorie w\u00e4hlen (Innendienst, Au\u00dfendienst ... )' data-no_results_text='Keine passenden Ergebnisse' data-multiple_text='Optionen ausw\u00e4hlen'>\n\t<option class=\"level-0\" value=\"603\">Au\u00dfendienst<\/option>\n\t<option class=\"level-0\" value=\"605\">Innendienst<\/option>\n<\/select>\n\t\t\t\t\t\t\t<\/div>\n\t\t\n\t\t\t\t\t<div class=\"search_submit\">\n\t\t\t\t<input type=\"submit\" value=\"Jobs finden\">\n\t\t\t<\/div>\n\t\t\n\t\t\t<\/div>\n\n\t\t\t\t<input type=\"hidden\" name=\"filter_job_type[]\" value=\"permanent_employment\" \/>\n\t<div class=\"showing_jobs\"><\/div><\/form>\n\n\n<noscript>Dein Browser unterst\u00fctzt kein JavaScript oder es ist deaktiviert. JavaScript muss aktiviert sein, um Eintr\u00e4ge zu sehen.<\/noscript>\n<ul class=\"job_listings\">\n<\/ul>\n<a class=\"load_more_jobs\" href=\"#\" style=\"display:none;\"><strong>Weitere Jobangebote laden<\/strong><\/a><\/div>[\/vc_column_text][\/vc_column][\/vc_row][vc_row][vc_column][vc_empty_space][vc_column_text]<\/p>\n<h4 style=\"text-align: center;\">Interesse?<\/h4>\n<p><\/p>\n<p style=\"text-align: center;\">Dann freuen wir uns auf Ihre aussagekr\u00e4ftigen Bewerbungsunterlagen per Post oder E-Mail (nur ein PDF) an:<\/p>\n<p><\/p>\n<p style=\"text-align: center;\">MiE GmbH &#8211; Personalabteilung &#8211; Hauptstr. 112 &#8211; 23845 Seth<br \/>\n<a href=\"mailto:jobs@miegermany.de\">jobs@miegermany.de<\/a><\/p>\n<p>[\/vc_column_text][\/vc_column][\/vc_row][vc_row][vc_column][vc_column_text css=&#8220;&#8220;]<\/p>\n<p style=\"text-align: center;\">Auf der Suche nach einem Ausbildungsplatz?<br \/>\nUnsere aktuellen offenen Pl\u00e4tze findest du <a href=\"https:\/\/mie-scintron.com\/de\/ausbildung-bei-mie\/\">hier<\/a>.<\/p>\n<p>[\/vc_column_text][\/vc_column][\/vc_row][vc_row][vc_column][vc_empty_space][\/vc_column][\/vc_row][vc_row][vc_column][vc_single_image image=&#8220;53140&#8243; img_size=&#8220;full&#8220; css=&#8220;&#8220;][\/vc_column][\/vc_row][vc_row][vc_column width=&#8220;1\/2&#8243;][vc_column_text]<\/p>\n<h3>Arbeitsvielfalt bei MiE<\/h3>\n<p><span class=\"cmp-NewLineToBr-text\">Bei uns werden alle erforderlichen Arbeitsschritte an modernen, hochwertig ausgestatteten Arbeitspl\u00e4tzen erledigt. Dies reicht von der Montage einzelner Baugruppen bis hin zum kompletten System. Jedes System verl\u00e4sst kalibriert und frisch lackiert unsere Fertigungshalle.<\/span><span class=\"cmp-NewLineToBr-text\"><br aria-hidden=\"true\" \/>Wir transportieren die Systeme mit unserem eigenen Team und LKW zum Kunden.<\/span><span class=\"cmp-NewLineToBr-text\"><br aria-hidden=\"true\" \/>Dort werden sie von unseren Technikern installiert und abgenommen.<\/span><span class=\"cmp-NewLineToBr-text\"><br aria-hidden=\"true\" \/>Die Kundeneinweisung erfolgt durch unsere intern ausgebildeten Applikationsspezialisten.<\/span><span class=\"cmp-NewLineToBr-text\"><br aria-hidden=\"true\" \/>Durch unser gut ausgebautes Netz von ausgebildeten Servicetechnikern k\u00f6nnen wir einen hohen Standard an Qualit\u00e4t liefern und halten. Die Techniker sind mit modernen Messmitteln und attraktiven, neutralen Firmenfahrzeugen ausgestattet.<\/span><span class=\"cmp-NewLineToBr-text\"><br aria-hidden=\"true\" \/>Durch die kurzen Entscheidungswege und dem engen Kundenkontakt k\u00f6nnen wir auf Kundenw\u00fcnsche schnell reagieren und diese umsetzen.<\/span><span class=\"cmp-NewLineToBr-text\"><br aria-hidden=\"true\" \/>Eine selbstst\u00e4ndige, mitdenkende Arbeitsweise wird von uns begr\u00fc\u00dft und gef\u00f6rdert.<\/span>[\/vc_column_text][\/vc_column][vc_column width=&#8220;1\/2&#8243;][vc_single_image image=&#8220;41687&#8243; img_size=&#8220;full&#8220; alignment=&#8220;right&#8220;][\/vc_column][\/vc_row][vc_row][vc_column width=&#8220;1\/2&#8243;][vc_single_image image=&#8220;41683&#8243; img_size=&#8220;medium_large&#8220; alignment=&#8220;right&#8220;][\/vc_column][vc_column width=&#8220;1\/2&#8243;][vc_column_text]<\/p>\n<h3>Vielfalt und Chancengleichheit<\/h3>\n<p>H\u00f6flichkeit, Fairness und Respekt zwischen Kollegen ist bei uns selbstverst\u00e4ndlich. Wir empfinden die bunte Zusammensetzung von Menschen aus unterschiedlichen Kulturkreisen als gro\u00dfe Bereicherung. Diskriminierung aufgrund von ethnischer oder nationaler Zugeh\u00f6rigkeit, Geschlecht, Religion, Weltanschauung, Alter, Behinderung oder sexueller Identit\u00e4t hat bei uns keinen Platz. Hier arbeiten Menschen mit Menschen &#8211; egal wie unterschiedlich sie sind.[\/vc_column_text][\/vc_column][\/vc_row]<\/p>\n<\/div>","protected":false},"excerpt":{"rendered":"<p>[vc_row full_width=&#8220;stretch_row&#8220; content_placement=&#8220;middle&#8220; el_class=&#8220;scrollmagic-pin-spacer&#8220; css=&#8220;.vc_custom_1653394375881{margin-top: 0px !important;margin-bottom: 0px !important;padding-top: 50px !important;padding-bottom: 50px !important;background-image: url(https:\/\/mie-scintron.com\/wp-content\/uploads\/2020\/10\/bg-hexagon.jpg?id=39872) !important;background-position: center !important;background-repeat: no-repeat !important;background-size: cover&#8230;<\/p>\n","protected":false},"author":1,"featured_media":0,"parent":0,"menu_order":116,"comment_status":"closed","ping_status":"closed","template":"","meta":{"_acf_changed":false,"footnotes":""},"categories":[],"tags":[],"class_list":["post-38110","page","type-page","status-publish"],"acf":[],"_links":{"self":[{"href":"https:\/\/mie-scintron.com\/de\/wp-json\/wp\/v2\/pages\/38110","targetHints":{"allow":["GET"]}}],"collection":[{"href":"https:\/\/mie-scintron.com\/de\/wp-json\/wp\/v2\/pages"}],"about":[{"href":"https:\/\/mie-scintron.com\/de\/wp-json\/wp\/v2\/types\/page"}],"author":[{"embeddable":true,"href":"https:\/\/mie-scintron.com\/de\/wp-json\/wp\/v2\/users\/1"}],"replies":[{"embeddable":true,"href":"https:\/\/mie-scintron.com\/de\/wp-json\/wp\/v2\/comments?post=38110"}],"version-history":[{"count":73,"href":"https:\/\/mie-scintron.com\/de\/wp-json\/wp\/v2\/pages\/38110\/revisions"}],"predecessor-version":[{"id":53147,"href":"https:\/\/mie-scintron.com\/de\/wp-json\/wp\/v2\/pages\/38110\/revisions\/53147"}],"wp:attachment":[{"href":"https:\/\/mie-scintron.com\/de\/wp-json\/wp\/v2\/media?parent=38110"}],"wp:term":[{"taxonomy":"category","embeddable":true,"href":"https:\/\/mie-scintron.com\/de\/wp-json\/wp\/v2\/categories?post=38110"},{"taxonomy":"post_tag","embeddable":true,"href":"https:\/\/mie-scintron.com\/de\/wp-json\/wp\/v2\/tags?post=38110"}],"curies":[{"name":"wp","href":"https:\/\/api.w.org\/{rel}","templated":true}]}}