{"id":38149,"date":"2019-09-19T11:06:49","date_gmt":"2019-09-19T09:06:49","guid":{"rendered":"https:\/\/mie-scintron.com\/contact\/"},"modified":"2025-04-01T12:49:06","modified_gmt":"2025-04-01T10:49:06","slug":"contact","status":"publish","type":"page","link":"https:\/\/mie-scintron.com\/de\/contact\/","title":{"rendered":"Kontakt"},"content":{"rendered":"<div class=\"wpb-content-wrapper\"><p>[vc_row full_width=&#8220;stretch_row&#8220; css=&#8220;.vc_custom_1526212774344{margin-top: 0px !important;margin-bottom: 0px !important;padding-top: 0px !important;padding-bottom: 0px !important;background-color: #0072bb !important;}&#8220; el_id=&#8220;stickysubmenu&#8220;][vc_column css=&#8220;.vc_custom_1526212779508{margin-top: 0px !important;margin-bottom: 0px !important;padding-top: 0px !important;padding-bottom: 0px !important;}&#8220;][vc_column_text css=&#8220;.vc_custom_1568886805601{margin-bottom: 0px !important;}&#8220;]\n<!-- UberMenu [Configuration:secondary_menu] [Theme Loc:] [Integration:api] -->\n<a class=\"ubermenu-responsive-toggle ubermenu-responsive-toggle-secondary_menu ubermenu-skin-minimal ubermenu-loc- ubermenu-responsive-toggle-content-align-center ubermenu-responsive-toggle-align-full \" tabindex=\"0\" data-ubermenu-target=\"ubermenu-secondary_menu-456\" role=\"button\" aria-controls=\"ubermenu-secondary_menu-456\" aria-label=\"Toggle Kontakt deutsch\"><i class=\"fas fa-bars\" aria-hidden=\"true\"><\/i>JUMP TO<\/a><nav id=\"ubermenu-secondary_menu-456\" class=\"ubermenu ubermenu-nojs ubermenu-secondary_menu ubermenu-menu-456 ubermenu-responsive ubermenu-responsive-single-column ubermenu-responsive-single-column-subs ubermenu-responsive-979 ubermenu-responsive-collapse ubermenu-horizontal ubermenu-transition-shift ubermenu-trigger-hover_intent ubermenu-skin-minimal  ubermenu-bar-align-full ubermenu-items-align-center ubermenu-disable-submenu-scroll ubermenu-retractors-responsive ubermenu-submenu-indicator-closes\"><ul id=\"ubermenu-nav-secondary_menu-399\" class=\"ubermenu-nav\" data-title=\"Kontakt deutsch\"><li id=\"menu-item-38437\" class=\"ubermenu-item ubermenu-item-type-custom ubermenu-item-object-custom ubermenu-item-38437 ubermenu-item-level-0 ubermenu-column ubermenu-column-auto\" ><a class=\"ubermenu-target ubermenu-item-layout-default ubermenu-item-layout-text_only\" href=\"#form\" tabindex=\"0\" data-ps2id-api=\"true\"><span class=\"ubermenu-target-title ubermenu-target-text\">Kontakt<\/span><\/a><\/li><li id=\"menu-item-38438\" class=\"ubermenu-item ubermenu-item-type-custom ubermenu-item-object-custom ubermenu-item-38438 ubermenu-item-level-0 ubermenu-column ubermenu-column-auto\" ><a class=\"ubermenu-target ubermenu-item-layout-default ubermenu-item-layout-text_only\" href=\"#germany\" tabindex=\"0\" data-ps2id-api=\"true\"><span class=\"ubermenu-target-title ubermenu-target-text\">MiE Germany<\/span><\/a><\/li><li id=\"menu-item-38439\" class=\"ubermenu-item ubermenu-item-type-custom ubermenu-item-object-custom ubermenu-item-38439 ubermenu-item-level-0 ubermenu-column ubermenu-column-auto\" ><a class=\"ubermenu-target ubermenu-item-layout-default ubermenu-item-layout-text_only\" href=\"#america\" tabindex=\"0\" data-ps2id-api=\"true\"><span class=\"ubermenu-target-title ubermenu-target-text\">MiE America Inc.<\/span><\/a><\/li><li id=\"menu-item-49477\" class=\"ubermenu-item ubermenu-item-type-custom ubermenu-item-object-custom ubermenu-item-49477 ubermenu-item-level-0 ubermenu-column ubermenu-column-auto\" ><a class=\"ubermenu-target ubermenu-item-layout-default ubermenu-item-layout-text_only\" href=\"#japan\" tabindex=\"0\" data-ps2id-api=\"true\"><span class=\"ubermenu-target-title ubermenu-target-text\">MiE Japan<\/span><\/a><\/li><\/ul><\/nav>\n<!-- End UberMenu -->\n[\/vc_column_text][\/vc_column][\/vc_row][vc_row full_width=&#8220;stretch_row&#8220; el_id=&#8220;form&#8220;][vc_column][vc_empty_space][vc_column_text]<\/p>\n<h3 style=\"text-align: center;\">Kontakt<\/h3>\n<p>[\/vc_column_text][vc_column_text]\n<div class=\"wpcf7 no-js\" id=\"wpcf7-f50076-o1\" lang=\"de-DE\" dir=\"ltr\" data-wpcf7-id=\"50076\">\n<div class=\"screen-reader-response\"><p role=\"status\" aria-live=\"polite\" aria-atomic=\"true\"><\/p> <ul><\/ul><\/div>\n<form action=\"\/de\/wp-json\/wp\/v2\/pages\/38149#wpcf7-f50076-o1\" method=\"post\" class=\"wpcf7-form init\" aria-label=\"Kontaktformular\" novalidate=\"novalidate\" data-status=\"init\">\n<fieldset class=\"hidden-fields-container\"><legend class=\"screen-reader-text\">Hidden fields<\/legend><input type=\"hidden\" name=\"_wpcf7\" value=\"50076\" \/><input type=\"hidden\" name=\"_wpcf7_version\" value=\"6.1.4\" \/><input type=\"hidden\" name=\"_wpcf7_locale\" value=\"de_DE\" \/><input type=\"hidden\" name=\"_wpcf7_unit_tag\" value=\"wpcf7-f50076-o1\" \/><input type=\"hidden\" name=\"_wpcf7_container_post\" value=\"0\" \/><input type=\"hidden\" name=\"_wpcf7_posted_data_hash\" value=\"\" \/>\n<\/fieldset>\n<div class=\"contact-form-style-2\">\n[vc_row]\n\n[vc_column width=\"1\"]\n<h5><span style=\"text-transform: capitalize; letter-spacing: 0;\" class=\"light\">NM \/ SPECT<\/span><\/h5>\n<p class=\"cf-style2-checkbox\"><span class=\"wpcf7-form-control-wrap\" data-name=\"nmspect\"><span class=\"wpcf7-form-control wpcf7-checkbox gem-checkbox\"><span class=\"wpcf7-list-item first\"><input type=\"checkbox\" name=\"nmspect[]\" value=\"PICOLA SCINTRON\" \/><span class=\"wpcf7-list-item-label\">PICOLA SCINTRON<\/span><\/span><span class=\"wpcf7-list-item\"><input type=\"checkbox\" name=\"nmspect[]\" value=\"SYNGULA SCINTRON\" \/><span class=\"wpcf7-list-item-label\">SYNGULA SCINTRON<\/span><\/span><span class=\"wpcf7-list-item\"><input type=\"checkbox\" name=\"nmspect[]\" value=\"DIACAM SCINTRON\" \/><span class=\"wpcf7-list-item-label\">DIACAM SCINTRON<\/span><\/span><span class=\"wpcf7-list-item\"><input type=\"checkbox\" name=\"nmspect[]\" value=\"ECAM SCINTRON\" \/><span class=\"wpcf7-list-item-label\">ECAM SCINTRON<\/span><\/span><span class=\"wpcf7-list-item last\"><input type=\"checkbox\" name=\"nmspect[]\" value=\"SYMBIA SCINTRON\" \/><span class=\"wpcf7-list-item-label\">SYMBIA SCINTRON<\/span><\/span><\/span><\/span><\/p>\n\n<h5><span style=\"text-transform: capitalize; letter-spacing: 0;\" class=\"light\">DIGITALES PET\/CT<\/span><\/h5>\n<p class=\"cf-style2-checkbox\"><span class=\"wpcf7-form-control-wrap\" data-name=\"pet-ct\"><span class=\"wpcf7-form-control wpcf7-checkbox gem-checkbox\"><span class=\"wpcf7-list-item first\"><input type=\"checkbox\" name=\"pet-ct[]\" value=\"uMI 550\" \/><span class=\"wpcf7-list-item-label\">uMI 550<\/span><\/span><span class=\"wpcf7-list-item\"><input type=\"checkbox\" name=\"pet-ct[]\" value=\"uMI 780\" \/><span class=\"wpcf7-list-item-label\">uMI 780<\/span><\/span><span class=\"wpcf7-list-item\"><input type=\"checkbox\" name=\"pet-ct[]\" value=\"uMI Vista\" \/><span class=\"wpcf7-list-item-label\">uMI Vista<\/span><\/span><span class=\"wpcf7-list-item\"><input type=\"checkbox\" name=\"pet-ct[]\" value=\"uMI Panorama\" \/><span class=\"wpcf7-list-item-label\">uMI Panorama<\/span><\/span><span class=\"wpcf7-list-item last\"><input type=\"checkbox\" name=\"pet-ct[]\" value=\"uExplorer\" \/><span class=\"wpcf7-list-item-label\">uExplorer<\/span><\/span><\/span><\/span><\/p>\n\n<h5><span style=\"text-transform: capitalize; letter-spacing: 0;\" class=\"light\">PET<\/span><\/h5>\n<p class=\"cf-style2-checkbox\"><span class=\"wpcf7-form-control-wrap\" data-name=\"pet\"><span class=\"wpcf7-form-control wpcf7-checkbox gem-checkbox\"><span class=\"wpcf7-list-item first\"><input type=\"checkbox\" name=\"pet[]\" value=\"ANCORIS\" \/><span class=\"wpcf7-list-item-label\">ANCORIS<\/span><\/span><span class=\"wpcf7-list-item\"><input type=\"checkbox\" name=\"pet[]\" value=\"ECAT SCINTRON UPGRADE\" \/><span class=\"wpcf7-list-item-label\">ECAT SCINTRON UPGRADE<\/span><\/span><span class=\"wpcf7-list-item last\"><input type=\"checkbox\" name=\"pet[]\" value=\"SCINTRON 7 PET \/ CT\" \/><span class=\"wpcf7-list-item-label\">SCINTRON 7 PET \/ CT<\/span><\/span><\/span><\/span><\/p>\n\n<h5><span style=\"text-transform: capitalize; letter-spacing: 0;\" class=\"light\">VETERIN\u00c4RMEDIZIN<\/span><\/h5>\n<p class=\"cf-style2-checkbox\"><span class=\"wpcf7-form-control-wrap\" data-name=\"vet\"><span class=\"wpcf7-form-control wpcf7-checkbox gem-checkbox\"><span class=\"wpcf7-list-item first\"><input type=\"checkbox\" name=\"vet[]\" value=\"EQUINE SCANNER H.R. SCINTRON\" \/><span class=\"wpcf7-list-item-label\">EQUINE SCANNER H.R. SCINTRON<\/span><\/span><span class=\"wpcf7-list-item last\"><input type=\"checkbox\" name=\"vet[]\" value=\"VETERINARY SCINTIGRAPHY\" \/><span class=\"wpcf7-list-item-label\">VETERINARY SCINTIGRAPHY<\/span><\/span><\/span><\/span><\/p>\n\n<h5><span style=\"text-transform: capitalize; letter-spacing: 0;\" class=\"light\">DOSISKALIBRATOREN<\/span><\/h5>\n<p class=\"cf-style2-checkbox\"><span class=\"wpcf7-form-control-wrap\" data-name=\"dose-calibrators\"><span class=\"wpcf7-form-control wpcf7-checkbox gem-checkbox\"><span class=\"wpcf7-list-item first\"><input type=\"checkbox\" name=\"dose-calibrators[]\" value=\"CRC-55t R \/ PET\" \/><span class=\"wpcf7-list-item-label\">CRC-55t R \/ PET<\/span><\/span><span class=\"wpcf7-list-item\"><input type=\"checkbox\" name=\"dose-calibrators[]\" value=\"CRC-77t HR\" \/><span class=\"wpcf7-list-item-label\">CRC-77t HR<\/span><\/span><span class=\"wpcf7-list-item\"><input type=\"checkbox\" name=\"dose-calibrators[]\" value=\"CRC Smart Chamber RPh\" \/><span class=\"wpcf7-list-item-label\">CRC Smart Chamber RPh<\/span><\/span><span class=\"wpcf7-list-item\"><input type=\"checkbox\" name=\"dose-calibrators[]\" value=\"CRC Smart Chamber HL\" \/><span class=\"wpcf7-list-item-label\">CRC Smart Chamber HL<\/span><\/span><span class=\"wpcf7-list-item last\"><input type=\"checkbox\" name=\"dose-calibrators[]\" value=\"Service\" \/><span class=\"wpcf7-list-item-label\">Service<\/span><\/span><\/span><\/span><\/p>\n\n<h5><span style=\"text-transform: capitalize; letter-spacing: 0;\" class=\"light\">ZUBEH\u00d6R<\/span><\/h5>\n<p class=\"cf-style2-checkbox\"><span class=\"wpcf7-form-control-wrap\" data-name=\"accessories\"><span class=\"wpcf7-form-control wpcf7-checkbox gem-checkbox\"><span class=\"wpcf7-list-item first\"><input type=\"checkbox\" name=\"accessories[]\" value=\"LABORTISCH\" \/><span class=\"wpcf7-list-item-label\">LABORTISCH<\/span><\/span><span class=\"wpcf7-list-item\"><input type=\"checkbox\" name=\"accessories[]\" value=\"BLEIBURGSCHRANK\" \/><span class=\"wpcf7-list-item-label\">BLEIBURGSCHRANK<\/span><\/span><span class=\"wpcf7-list-item\"><input type=\"checkbox\" name=\"accessories[]\" value=\"ABGESCHIRMTER ABFALLBEH\u00c4LTER\" \/><span class=\"wpcf7-list-item-label\">ABGESCHIRMTER ABFALLBEH\u00c4LTER<\/span><\/span><span class=\"wpcf7-list-item\"><input type=\"checkbox\" name=\"accessories[]\" value=\"KONTAMINATIONSMESSGER\u00c4T\" \/><span class=\"wpcf7-list-item-label\">KONTAMINATIONSMESSGER\u00c4T<\/span><\/span><span class=\"wpcf7-list-item\"><input type=\"checkbox\" name=\"accessories[]\" value=\"STRAHLENSCHUTZ\" \/><span class=\"wpcf7-list-item-label\">STRAHLENSCHUTZ<\/span><\/span><span class=\"wpcf7-list-item last\"><input type=\"checkbox\" name=\"accessories[]\" value=\"SPRITZENSCHILD UND -TRANSPORTBEH\u00c4LTER\" \/><span class=\"wpcf7-list-item-label\">SPRITZENSCHILD UND -TRANSPORTBEH\u00c4LTER<\/span><\/span><\/span><\/span><\/p>\n[\/vc_column]\n\n[vc_column width=\"1\"]\n<h5><span style=\"text-transform: capitalize; letter-spacing: 0;\" class=\"light\">Ihre Angaben<\/span><\/h5>\n\n<p class=\"cf-style2-title\"><span class=\"wpcf7-form-control-wrap\" data-name=\"Title\"><select class=\"wpcf7-form-control wpcf7-select gem-combobox\" aria-invalid=\"false\" name=\"Title\"><option value=\"\">Anrede<\/option><option value=\"Sie\/Ihr\">Sie\/Ihr<\/option><option value=\"Er\/Ihm\">Er\/Ihm<\/option><option value=\"Divers\">Divers<\/option><option value=\"Keine\">Keine<\/option><\/select><\/span><\/p>\n<p class=\"cf-style2-text\"><span class=\"wpcf7-form-control-wrap\" data-name=\"firstname\"><input size=\"40\" maxlength=\"400\" class=\"wpcf7-form-control wpcf7-text wpcf7-validates-as-required\" aria-required=\"true\" aria-invalid=\"false\" placeholder=\"Name\" value=\"\" type=\"text\" name=\"firstname\" \/><\/span><\/p>\n<p class=\"cf-style2-phone\"><span class=\"wpcf7-form-control-wrap\" data-name=\"phone\"><input size=\"40\" maxlength=\"400\" class=\"wpcf7-form-control wpcf7-tel wpcf7-text wpcf7-validates-as-tel\" aria-invalid=\"false\" placeholder=\"Telefon\" value=\"\" type=\"tel\" name=\"phone\" \/><\/span><\/p>\n<p class=\"cf-style2-email\"><span class=\"wpcf7-form-control-wrap\" data-name=\"email\"><input size=\"40\" maxlength=\"400\" class=\"wpcf7-form-control wpcf7-email wpcf7-validates-as-required wpcf7-text wpcf7-validates-as-email\" aria-required=\"true\" aria-invalid=\"false\" placeholder=\"E-Mail*\" value=\"\" type=\"email\" name=\"email\" \/><\/span><\/p>\n\n<p>\n<span class=\"wpcf7-form-control-wrap\" data-name=\"recipient\"><select class=\"wpcf7-form-control wpcf7-select wpcf7-validates-as-required dropdown-search\" aria-required=\"true\" aria-invalid=\"false\" name=\"recipient\"><option value=\"\">LAND*<\/option><option value=\"Afghanistan\">Afghanistan<\/option><option value=\"Albanien\">Albanien<\/option><option value=\"Algerien\">Algerien<\/option><option value=\"Andorra\">Andorra<\/option><option value=\"Angola\">Angola<\/option><option value=\"Antigua und Barbuda\">Antigua und Barbuda<\/option><option value=\"Argentinien\">Argentinien<\/option><option value=\"Armenien\">Armenien<\/option><option value=\"\u00d6sterreich\">\u00d6sterreich<\/option><option value=\"Aserbaidschan\">Aserbaidschan<\/option><option value=\"Bahrain\">Bahrain<\/option><option value=\"Bangladesch\">Bangladesch<\/option><option value=\"Belgien\">Belgien<\/option><option value=\"Bosnien und Herzegowina\">Bosnien und Herzegowina<\/option><option value=\"Brasilien\">Brasilien<\/option><option value=\"Bulgarien\">Bulgarien<\/option><option value=\"Chile\">Chile<\/option><option value=\"China\">China<\/option><option value=\"Deutschland\">Deutschland<\/option><option value=\"D\u00e4nemark\">D\u00e4nemark<\/option><option value=\"Estland\">Estland<\/option><option value=\"Finnland\">Finnland<\/option><option value=\"Frankreich\">Frankreich<\/option><option value=\"Griechenland\">Griechenland<\/option><option value=\"Indien\">Indien<\/option><option value=\"Indonesien\">Indonesien<\/option><option value=\"Irland\">Irland<\/option><option value=\"Island\">Island<\/option><option value=\"Israel\">Israel<\/option><option value=\"Italien\">Italien<\/option><option value=\"Japan\">Japan<\/option><option value=\"Kanada\">Kanada<\/option><option value=\"Kroatien\">Kroatien<\/option><option value=\"Lettland\">Lettland<\/option><option value=\"Litauen\">Litauen<\/option><option value=\"Luxemburg\">Luxemburg<\/option><option value=\"Malta\">Malta<\/option><option value=\"Marokko\">Marokko<\/option><option value=\"Mexiko\">Mexiko<\/option><option value=\"Niederlande\">Niederlande<\/option><option value=\"Norwegen\">Norwegen<\/option><option value=\"\u00d6sterreich\">\u00d6sterreich<\/option><option value=\"Polen\">Polen<\/option><option value=\"Portugal\">Portugal<\/option><option value=\"Rum\u00e4nien\">Rum\u00e4nien<\/option><option value=\"Schweden\">Schweden<\/option><option value=\"Schweiz\">Schweiz<\/option><option value=\"Slowakei\">Slowakei<\/option><option value=\"Slowenien\">Slowenien<\/option><option value=\"Spanien\">Spanien<\/option><option value=\"Tschechien\">Tschechien<\/option><option value=\"T\u00fcrkei\">T\u00fcrkei<\/option><option value=\"Ungarn\">Ungarn<\/option><option value=\"Vereinigtes K\u00f6nigreich\">Vereinigtes K\u00f6nigreich<\/option><option value=\"Vereinigte Staaten\">Vereinigte Staaten<\/option><\/select><\/span>\n<\/p>\n\n<p class=\"cf-style2-adreess\"><span class=\"wpcf7-form-control-wrap\" data-name=\"Location\"><input size=\"40\" maxlength=\"400\" class=\"wpcf7-form-control wpcf7-text\" aria-invalid=\"false\" placeholder=\"Ort\" value=\"\" type=\"text\" name=\"Location\" \/><\/span><\/p>\n<p class=\"cf-style2-textarea\"><span class=\"wpcf7-form-control-wrap\" data-name=\"Message\"><textarea cols=\"40\" rows=\"10\" maxlength=\"2000\" class=\"wpcf7-form-control wpcf7-textarea\" aria-invalid=\"false\" placeholder=\"Nachricht\" name=\"Message\"><\/textarea><\/span><\/p>\n\n[\/vc_column]\n[\/vc_row]\n\n[vc_row][vc_column width=\"1\"]\n<div style=\"margin-top:20px;font-weight: bold;\"><\/div>\n<span class=\"wpcf7-form-control-wrap\" data-name=\"checkbox-318\"><span class=\"wpcf7-form-control wpcf7-checkbox wpcf7-validates-as-required wpcf7-exclusive-checkbox gem-checkbox\"><span class=\"wpcf7-list-item first last\"><input type=\"checkbox\" name=\"checkbox-318\" value=\"Ich habe die \u201eAllgemeinen Nutzungsbedingungen\u201c gelesen und stimme ihnen zu.\" \/><span class=\"wpcf7-list-item-label\">Ich habe die \u201eAllgemeinen Nutzungsbedingungen\u201c gelesen und stimme ihnen zu.<\/span><\/span><\/span><\/span>\n\n<!-- Ausklappbarer Datenschutzhinweis -->\n<p>\n  Mit dem Absenden der Nachricht best\u00e4tige ich, dass meine personenbezogenen Daten zum Schutz vor Spam verarbeitet werden d\u00fcrfen. \n  <span class=\"toggle-link\" id=\"toggleLink\">Mehr erfahren<\/span>\n<\/p>\n\n<p id=\"hiddenText\">\n  Wenn Sie dieses Formular absenden, werden personenbezogene Daten wie Ihre IP-Adresse, E-Mail-Adresse, der eingegebene Text und die Felder des Formulars verarbeitet. \n  Zum Schutz vor Spam werden diese Daten durch den CleanTalk Cloud Service gepr\u00fcft und f\u00fcr bis zu 7 Tage (bei erweitertem Paket bis zu 45 Tage) gespeichert. \n  Danach werden sie vollst\u00e4ndig gel\u00f6scht. CleanTalk verwendet Informationen \u00fcber Spamaktivit\u00e4ten ausschlie\u00dflich, um den Spam-Schutz auf angeschlossenen Webseiten zu verbessern. \n  Dies betrifft nur IP-\/E-Mail-Adressen, die tats\u00e4chlich f\u00fcr Spam missbraucht wurden.\n<\/p>\n\n<style>\n  #hiddenText {\n    opacity: 0;\n    max-height: 0;\n    overflow: hidden;\n    transition: all 0.6s ease;\n    font-size: 0.9em;\n    color: #555;\n  }\n  #hiddenText.visible {\n    opacity: 1;\n    max-height: 1000px;\n    margin-top: 10px;\n  }\n  .toggle-link {\n    color: #0073aa;\n    text-decoration: underline;\n    cursor: pointer;\n  }\n<\/style>\n\n<script>\n  const link = document.getElementById(\"toggleLink\");\n  const hidden = document.getElementById(\"hiddenText\");\n\n  link.addEventListener(\"click\", function() {\n    hidden.classList.toggle(\"visible\");\n    link.textContent = hidden.classList.contains(\"visible\") ? \"Weniger anzeigen\" : \"Mehr erfahren\";\n  });\n<\/script>\n\n<div style=\"margin-top:20px;font-weight: bold;\"><\/div>\n<input class=\"wpcf7-form-control wpcf7-submit has-spinner\" type=\"submit\" value=\"Nachricht senden\" \/>\n[\/vc_column][vc_column width=\"1\/3\"][\/vc_column][\/vc_row]\n<\/div><input type='hidden' class='wpcf7-pum' value='{\"closepopup\":false,\"closedelay\":0,\"openpopup\":false,\"openpopup_id\":0}' \/><div class=\"wpcf7-response-output\" aria-hidden=\"true\"><\/div>\n<\/form>\n<\/div>\n[\/vc_column_text][\/vc_column][\/vc_row][vc_row full_width=&#8220;stretch_row_content_no_spaces&#8220;][vc_column][vc_separator][\/vc_column][\/vc_row][vc_row full_width=&#8220;stretch_row_content&#8220; equal_height=&#8220;yes&#8220; content_placement=&#8220;middle&#8220; el_id=&#8220;germany&#8220;][vc_column width=&#8220;1\/3&#8243;][vc_column_text]<\/p>\n<h3 style=\"text-align: right;\">MiE Germany<\/h3>\n<p style=\"text-align: right;\">MiE medical imaging electronics GmbH<br \/>\nHauptstrasse 112<br \/>\n23845 Seth<br \/>\nGermany<\/p>\n<p style=\"text-align: right;\"><img style=\"margin-right: 10px;\" src=\"https:\/\/mie-scintron.com\/wp-content\/uploads\/2019\/01\/phone-icon.png\" alt=\"\" width=\"15\" height=\"15\" \/><a href=\"tel:0419499770\">+49 (0) 4194 \u00b7 9977 \u00b7 0<\/a><br \/>\n<img style=\"margin-right: 10px;\" src=\"https:\/\/mie-scintron.com\/wp-content\/uploads\/2019\/01\/fax-icon.png\" alt=\"\" width=\"15\" height=\"15\" \/>+49 (0) 4194 \u00b7 9977 \u00b7 55<br \/>\n<img style=\"margin-right: 10px;\" src=\"https:\/\/mie-scintron.com\/wp-content\/uploads\/2019\/01\/email-icon.png\" alt=\"\" width=\"15\" height=\"15\" \/><a href=\"mailto:mie@miegermany.de\">mie@miegermany.de<\/a><\/p>\n<p>[\/vc_column_text][\/vc_column][vc_column width=&#8220;1\/3&#8243;][vc_single_image image=&#8220;41443&#8243; img_size=&#8220;large&#8220; onclick=&#8220;link_image&#8220;][\/vc_column][vc_column width=&#8220;1\/3&#8243;][vc_single_image image=&#8220;41446&#8243; img_size=&#8220;large&#8220; onclick=&#8220;link_image&#8220;][\/vc_column][\/vc_row][vc_row full_width=&#8220;stretch_row_content&#8220; equal_height=&#8220;yes&#8220;][vc_column width=&#8220;1\/3&#8243;][vc_single_image image=&#8220;36560&#8243; img_size=&#8220;large&#8220; onclick=&#8220;link_image&#8220;][\/vc_column][vc_column width=&#8220;1\/3&#8243;][vc_single_image image=&#8220;41449&#8243; img_size=&#8220;large&#8220; onclick=&#8220;link_image&#8220;][\/vc_column][vc_column width=&#8220;1\/3&#8243;][vc_single_image image=&#8220;41452&#8243; img_size=&#8220;large&#8220; onclick=&#8220;link_image&#8220;][\/vc_column][\/vc_row][vc_row full_width=&#8220;stretch_row_content_no_spaces&#8220;][vc_column][vc_separator][\/vc_column][\/vc_row][vc_row full_width=&#8220;stretch_row_content&#8220; equal_height=&#8220;yes&#8220; content_placement=&#8220;middle&#8220; el_id=&#8220;america&#8220;][vc_column width=&#8220;1\/3&#8243;][vc_column_text]<\/p>\n<h3 style=\"text-align: right;\">MiE America<\/h3>\n<p style=\"text-align: right;\">MiE America, Inc.<br \/>\n420 Bennett Road<br \/>\nElk Grove Village, IL 60007<br \/>\nU.S.A.<\/p>\n<p style=\"text-align: right;\"><a href=\"tel:+18479816100\"><img style=\"margin-right: 10px;\" src=\"https:\/\/mie-scintron.com\/wp-content\/uploads\/2019\/01\/phone-icon.png\" alt=\"\" width=\"15\" height=\"15\" \/> (+1) 847 \u00b7 981 \u00b7 6100<\/a><br \/>\n<img class=\"alignnone size-full wp-image-36945\" style=\"margin-right: 10px;\" src=\"https:\/\/mie-scintron.com\/wp-content\/uploads\/2019\/01\/fax-icon.png\" alt=\"\" width=\"15\" height=\"15\" \/>\u00a0(+1) 847\u00a0\u00b7 981 \u00b7 3232<br \/>\n<img class=\"alignnone size-full wp-image-36947\" style=\"margin-right: 10px;\" src=\"https:\/\/mie-scintron.com\/wp-content\/uploads\/2019\/01\/email-icon.png\" alt=\"\" width=\"15\" height=\"15\" \/>\u00a0<a href=\"mailto:mie@mieamerica.com\">mie@mieamerica.com<\/a><\/p>\n<p>[\/vc_column_text][\/vc_column][vc_column width=&#8220;1\/3&#8243;][vc_single_image image=&#8220;41455&#8243; img_size=&#8220;large&#8220; onclick=&#8220;link_image&#8220;][\/vc_column][vc_column width=&#8220;1\/3&#8243;][\/vc_column][\/vc_row][vc_row full_width=&#8220;stretch_row_content_no_spaces&#8220; disable_element=&#8220;yes&#8220;][vc_column][vc_separator][\/vc_column][\/vc_row][vc_row full_width=&#8220;stretch_row_content&#8220; equal_height=&#8220;yes&#8220; content_placement=&#8220;middle&#8220; el_id=&#8220;japan&#8220;][vc_column width=&#8220;1\/3&#8243;][vc_column_text]<\/p>\n<h3 style=\"text-align: right;\">MiE \u00a0Japan<\/h3>\n<p style=\"text-align: right;\">6 Chome-12-6 Nishishinjuku<br \/>\nShinjuku 160-0023<br \/>\nJapan<\/p>\n<p style=\"text-align: right;\"><a href=\"tel:+81353240877\">Tel. +8 135 324 0877 <\/a><br \/>\n<a href=\"mailto:mie@miejapan.com\">mie@miejapan.com<\/a><\/p>\n<p>[\/vc_column_text][\/vc_column][vc_column width=&#8220;2\/3&#8243;][vc_column_text]<\/p>\n<div id=\"corp\">\n<table width=\"100%\" cellspacing=\"0\" cellpadding=\"0\">\n<tbody>\n<tr>\n<th>\u8a2d\u7acb<\/th>\n<td>2016\u5e746\u6708\u30c9\u30a4\u30c4 MiE\u793e\u3092\u672c\u793e\u3068\u3066\u8a2d\u7acb\u3044\u305f\u3057\u307e\u3057\u305f\u3002<\/td>\n<\/tr>\n<tr>\n<th>\u8cc7\u672c\u91d1<\/th>\n<td>1,600\u4e07\u5186(\u5185\u8a33\u4e0b\u8a18\u53c2\u7167\uff09<br \/>\n1,500\u4e07\u5186 \u30c9\u30a4\u30c4MiE<br \/>\n100\u4e07\u5186 \u682a\u5f0f\u4f1a\u793ePMOD<\/td>\n<\/tr>\n<tr>\n<th>\u4ee3\u8868\u53d6\u7de0\u5f79\u793e\u9577<\/th>\n<td>\u91d1\u91ce \u771f\u4eba<\/td>\n<\/tr>\n<tr>\n<th>\u6240\u5728\u5730<\/th>\n<td>\u3012160-0023 \u65b0\u5bbf\u533a\u897f\u65b0\u5bbf6-12-6<br \/>\nTEL\u300003-5324-0877<\/td>\n<\/tr>\n<tr>\n<th>\u672c\u793e<\/th>\n<td>\u30c9\u30a4\u30c4MiE<br \/>\nHauptstrasse 112 23845 Seth \/ Germany<br \/>\nTel.: (0049) 4194 9977 \u2013 0<\/td>\n<\/tr>\n<tr>\n<th>\u4e3b\u53d6\u5f15\u9280\u884c<\/th>\n<td>\u4e09\u83f1\u6771\u4eacUFJ\u9280\u884c \u837b\u7aaa\u652f\u5e97<\/td>\n<\/tr>\n<tr>\n<th>\u53d6\u308a\u6271\u3044\u88fd\u54c1<\/th>\n<td>\u81e8\u5e8a\u7528\u6838\u533b\u5b66\u88c5\u7f6e\u3001\u753b\u50cf\u8a3a\u65ad\u88c5\u7f6e<\/td>\n<\/tr>\n<\/tbody>\n<\/table>\n<\/div>\n<p>[\/vc_column_text][\/vc_column][\/vc_row]<\/p>\n<\/div>","protected":false},"excerpt":{"rendered":"<p>[vc_row full_width=&#8220;stretch_row&#8220; css=&#8220;.vc_custom_1526212774344{margin-top: 0px !important;margin-bottom: 0px !important;padding-top: 0px !important;padding-bottom: 0px !important;background-color: #0072bb !important;}&#8220; el_id=&#8220;stickysubmenu&#8220;][vc_column css=&#8220;.vc_custom_1526212779508{margin-top: 0px !important;margin-bottom: 0px !important;padding-top: 0px&#8230;<\/p>\n","protected":false},"author":1,"featured_media":0,"parent":0,"menu_order":40,"comment_status":"closed","ping_status":"closed","template":"","meta":{"_acf_changed":false,"footnotes":""},"categories":[],"tags":[],"class_list":["post-38149","page","type-page","status-publish"],"acf":[],"_links":{"self":[{"href":"https:\/\/mie-scintron.com\/de\/wp-json\/wp\/v2\/pages\/38149","targetHints":{"allow":["GET"]}}],"collection":[{"href":"https:\/\/mie-scintron.com\/de\/wp-json\/wp\/v2\/pages"}],"about":[{"href":"https:\/\/mie-scintron.com\/de\/wp-json\/wp\/v2\/types\/page"}],"author":[{"embeddable":true,"href":"https:\/\/mie-scintron.com\/de\/wp-json\/wp\/v2\/users\/1"}],"replies":[{"embeddable":true,"href":"https:\/\/mie-scintron.com\/de\/wp-json\/wp\/v2\/comments?post=38149"}],"version-history":[{"count":23,"href":"https:\/\/mie-scintron.com\/de\/wp-json\/wp\/v2\/pages\/38149\/revisions"}],"predecessor-version":[{"id":52185,"href":"https:\/\/mie-scintron.com\/de\/wp-json\/wp\/v2\/pages\/38149\/revisions\/52185"}],"wp:attachment":[{"href":"https:\/\/mie-scintron.com\/de\/wp-json\/wp\/v2\/media?parent=38149"}],"wp:term":[{"taxonomy":"category","embeddable":true,"href":"https:\/\/mie-scintron.com\/de\/wp-json\/wp\/v2\/categories?post=38149"},{"taxonomy":"post_tag","embeddable":true,"href":"https:\/\/mie-scintron.com\/de\/wp-json\/wp\/v2\/tags?post=38149"}],"curies":[{"name":"wp","href":"https:\/\/api.w.org\/{rel}","templated":true}]}}