{"id":38463,"date":"2019-10-01T11:16:46","date_gmt":"2019-10-01T09:16:46","guid":{"rendered":"https:\/\/mie-scintron.com\/corporate-info\/"},"modified":"2025-09-29T11:08:15","modified_gmt":"2025-09-29T09:08:15","slug":"corporate-info","status":"publish","type":"page","link":"https:\/\/mie-scintron.com\/de\/corporate-info\/","title":{"rendered":"Impressum"},"content":{"rendered":"<p data-start=\"442\" data-end=\"507\"><strong data-start=\"442\" data-end=\"455\">IMPRESSUM<\/strong><br data-start=\"455\" data-end=\"458\" \/>Angaben gem\u00e4\u00df \u00a7 5 Digitale-Dienste-Gesetz (DDG)<\/p>\n<p data-start=\"509\" data-end=\"583\"><strong data-start=\"509\" data-end=\"549\">MiE medical imaging electronics GmbH<\/strong><br data-start=\"549\" data-end=\"552\" \/>Hauptstrasse 112<br data-start=\"568\" data-end=\"571\" \/>23845 Seth<\/p>\n<p data-start=\"585\" data-end=\"636\">Handelsregister: HRB 1508<br data-start=\"610\" data-end=\"613\" \/>Registergericht: Kiel<\/p>\n<p data-start=\"638\" data-end=\"687\">Vertreten durch:<br data-start=\"654\" data-end=\"657\" \/>G\u00fcnther W. K\u00fchl, Thomas K\u00fchl<\/p>\n<hr data-start=\"689\" data-end=\"692\" \/>\n<p data-start=\"694\" data-end=\"707\"><strong data-start=\"694\" data-end=\"705\">KONTAKT<\/strong><\/p>\n<p data-start=\"709\" data-end=\"785\">Telefon: 04194 9977 0<br data-start=\"730\" data-end=\"733\" \/>Telefax: 04194 9977 55<br data-start=\"755\" data-end=\"758\" \/>E-Mail: <a class=\"decorated-link cursor-pointer\" rel=\"noopener\" data-start=\"766\" data-end=\"783\">mie@miegermany.de<\/a><\/p>\n<hr data-start=\"787\" data-end=\"790\" \/>\n<p data-start=\"792\" data-end=\"813\"><strong data-start=\"792\" data-end=\"811\">UMSATZSTEUER-ID<\/strong><\/p>\n<p data-start=\"815\" data-end=\"900\">Umsatzsteuer-Identifikationsnummer gem\u00e4\u00df \u00a7 27a Umsatzsteuergesetz:<br data-start=\"881\" data-end=\"884\" \/>DE 813 956 054<\/p>\n<hr data-start=\"902\" data-end=\"905\" \/>\n<p data-start=\"907\" data-end=\"928\"><strong data-start=\"907\" data-end=\"926\">Streitbeilegung<\/strong><\/p>\n<p data-start=\"930\" data-end=\"1055\">Wir sind nicht bereit oder verpflichtet, an Streitbeilegungsverfahren vor einer Verbraucherschlichtungsstelle teilzunehmen.<\/p>\n<hr data-start=\"1057\" data-end=\"1060\" \/>\n<p data-start=\"1062\" data-end=\"1087\"><strong data-start=\"1062\" data-end=\"1085\">Haftung f\u00fcr Inhalte<\/strong><\/p>\n<p data-start=\"1089\" data-end=\"1446\">Als Diensteanbieter sind wir nach \u00a7 7 Abs. 1 DDG f\u00fcr eigene Inhalte auf diesen Seiten nach den allgemeinen Gesetzen verantwortlich. Nach \u00a7\u00a7 8 bis 10 DDG sind wir als Diensteanbieter jedoch nicht verpflichtet, \u00fcbermittelte oder gespeicherte fremde Informationen zu \u00fcberwachen oder nach Umst\u00e4nden zu forschen, die auf eine rechtswidrige T\u00e4tigkeit hinweisen.<\/p>\n<p data-start=\"1448\" data-end=\"1798\">Verpflichtungen zur Entfernung oder Sperrung der Nutzung von Informationen nach den allgemeinen Gesetzen bleiben hiervon unber\u00fchrt. Eine diesbez\u00fcgliche Haftung ist jedoch erst ab dem Zeitpunkt der Kenntnis einer konkreten Rechtsverletzung m\u00f6glich. Bei Bekanntwerden von entsprechenden Rechtsverletzungen werden wir diese Inhalte umgehend entfernen.<\/p>\n<hr data-start=\"1800\" data-end=\"1803\" \/>\n<p data-start=\"1805\" data-end=\"1828\"><strong data-start=\"1805\" data-end=\"1826\">Haftung f\u00fcr Links<\/strong><\/p>\n<p data-start=\"1830\" data-end=\"2293\">Unser Angebot enth\u00e4lt Links zu externen Websites Dritter, auf deren Inhalte wir keinen Einfluss haben. Deshalb k\u00f6nnen wir f\u00fcr diese fremden Inhalte auch keine Gew\u00e4hr \u00fcbernehmen. F\u00fcr die Inhalte der verlinkten Seiten ist stets der jeweilige Anbieter oder Betreiber der Seiten verantwortlich. Die verlinkten Seiten wurden zum Zeitpunkt der Verlinkung auf m\u00f6gliche Rechtsverst\u00f6\u00dfe \u00fcberpr\u00fcft. Rechtswidrige Inhalte waren zum Zeitpunkt der Verlinkung nicht erkennbar.<\/p>\n<p data-start=\"2295\" data-end=\"2522\">Eine permanente inhaltliche Kontrolle der verlinkten Seiten ist jedoch ohne konkrete Anhaltspunkte einer Rechtsverletzung nicht zumutbar. Bei Bekanntwerden von Rechtsverletzungen werden wir derartige Links umgehend entfernen.<\/p>\n<hr data-start=\"2524\" data-end=\"2527\" \/>\n<p data-start=\"2529\" data-end=\"2547\"><strong data-start=\"2529\" data-end=\"2545\">Urheberrecht<\/strong><\/p>\n<p data-start=\"2549\" data-end=\"2961\">Die durch die Seitenbetreiber erstellten Inhalte und Werke auf diesen Seiten unterliegen dem deutschen Urheberrecht. Die Vervielf\u00e4ltigung, Bearbeitung, Verbreitung und jede Art der Verwertung au\u00dferhalb der Grenzen des Urheberrechtes bed\u00fcrfen der schriftlichen Zustimmung des jeweiligen Autors bzw. Erstellers. Downloads und Kopien dieser Seite sind nur f\u00fcr den privaten, nicht kommerziellen Gebrauch gestattet.<\/p>\n<p data-start=\"2963\" data-end=\"3350\">Soweit die Inhalte auf dieser Seite nicht vom Betreiber erstellt wurden, werden die Urheberrechte Dritter beachtet. Insbesondere werden Inhalte Dritter als solche gekennzeichnet. Sollten Sie trotzdem auf eine Urheberrechtsverletzung aufmerksam werden, bitten wir um einen entsprechenden Hinweis. Bei Bekanntwerden von Rechtsverletzungen werden wir derartige Inhalte umgehend entfernen.<\/p>\n<hr data-start=\"3352\" data-end=\"3355\" \/>\n<p data-start=\"3357\" data-end=\"3374\"><strong data-start=\"3357\" data-end=\"3372\">MIE America<\/strong><\/p>\n<p data-start=\"3376\" data-end=\"3453\">MiE America, Inc.<br data-start=\"3393\" data-end=\"3396\" \/>420 Bennett Road<br data-start=\"3412\" data-end=\"3415\" \/>Elk Grove Village, IL 60007<br data-start=\"3442\" data-end=\"3445\" \/>U.S.A.<\/p>\n<p data-start=\"3455\" data-end=\"3523\">(+1) 847 \u00b7 981 \u00b7 6100<br data-start=\"3476\" data-end=\"3479\" \/>(+1) 847 \u00b7 981 \u00b7 3232<br data-start=\"3500\" data-end=\"3503\" \/><a class=\"decorated-link cursor-pointer\" rel=\"noopener\" data-start=\"3503\" data-end=\"3521\">mie@mieamerica.com<\/a><\/p>\n<hr data-start=\"3525\" data-end=\"3528\" \/>\n<p data-start=\"3530\" data-end=\"3545\"><strong data-start=\"3530\" data-end=\"3543\">MIE Japan<\/strong><\/p>\n<p data-start=\"3547\" data-end=\"3603\">6 Chome-12-6 Nishishinjuku<br data-start=\"3573\" data-end=\"3576\" \/>Shinjuku 160-0023<br data-start=\"3593\" data-end=\"3596\" \/>Japan<\/p>\n<p data-start=\"3605\" data-end=\"3646\">Tel. +81 35 324 0877<br data-start=\"3625\" data-end=\"3628\" \/><a class=\"decorated-link cursor-pointer\" rel=\"noopener\" data-start=\"3628\" data-end=\"3644\">mie@miejapan.com<\/a><\/p>\n<p data-start=\"3648\" data-end=\"3932\">\u8a2d\u7acb\u30002016\u5e746\u6708\u30c9\u30a4\u30c4 MiE\u793e\u3092\u672c\u793e\u3068\u3066\u8a2d\u7acb\u3044\u305f\u3057\u307e\u3057\u305f\u3002<br data-start=\"3680\" data-end=\"3683\" \/>\u8cc7\u672c\u91d1\u30001,600\u4e07\u5186 (\u5185\u8a33\u4e0b\u8a18\u53c2\u7167\uff09<br data-start=\"3703\" data-end=\"3706\" \/>1,500\u4e07\u5186 \u30c9\u30a4\u30c4MiE<br data-start=\"3720\" data-end=\"3723\" \/>100\u4e07\u5186 \u682a\u5f0f\u4f1a\u793ePMOD<br data-start=\"3737\" data-end=\"3740\" \/>\u4ee3\u8868\u53d6\u7de0\u5f79\u793e\u9577\u3000\u91d1\u91ce \u771f\u4eba<br data-start=\"3753\" data-end=\"3756\" \/>\u6240\u5728\u5730\u3000\u3012160-0023 \u65b0\u5bbf\u533a\u897f\u65b0\u5bbf6-12-6<br data-start=\"3782\" data-end=\"3785\" \/>TEL\u300003-5324-0877<br data-start=\"3801\" data-end=\"3804\" \/>\u672c\u793e\u3000\u30c9\u30a4\u30c4MiE<br data-start=\"3813\" data-end=\"3816\" \/>Hauptstrasse 112 23845 Seth \/ Germany<br data-start=\"3853\" data-end=\"3856\" \/>Tel.: (0049) 4194 9977 \u2013 0<br data-start=\"3882\" data-end=\"3885\" \/>\u4e3b\u53d6\u5f15\u9280\u884c\u3000\u4e09\u83f1\u6771\u4eacUFJ\u9280\u884c \u837b\u7aaa\u652f\u5e97<br data-start=\"3905\" data-end=\"3908\" \/>\u53d6\u308a\u6271\u3044\u88fd\u54c1\u3000\u81e8\u5e8a\u7528\u6838\u533b\u5b66\u88c5\u7f6e\u3001\u753b\u50cf\u8a3a\u65ad\u88c5\u7f6e<\/p>\n","protected":false},"excerpt":{"rendered":"<p>IMPRESSUMAngaben gem\u00e4\u00df \u00a7 5 Digitale-Dienste-Gesetz (DDG) MiE medical imaging electronics GmbHHauptstrasse 11223845 Seth Handelsregister: HRB 1508Registergericht: Kiel Vertreten durch:G\u00fcnther W&#8230;.<\/p>\n","protected":false},"author":1,"featured_media":0,"parent":0,"menu_order":39,"comment_status":"closed","ping_status":"closed","template":"","meta":{"_acf_changed":false,"footnotes":""},"categories":[],"tags":[],"class_list":["post-38463","page","type-page","status-publish"],"acf":[],"_links":{"self":[{"href":"https:\/\/mie-scintron.com\/de\/wp-json\/wp\/v2\/pages\/38463","targetHints":{"allow":["GET"]}}],"collection":[{"href":"https:\/\/mie-scintron.com\/de\/wp-json\/wp\/v2\/pages"}],"about":[{"href":"https:\/\/mie-scintron.com\/de\/wp-json\/wp\/v2\/types\/page"}],"author":[{"embeddable":true,"href":"https:\/\/mie-scintron.com\/de\/wp-json\/wp\/v2\/users\/1"}],"replies":[{"embeddable":true,"href":"https:\/\/mie-scintron.com\/de\/wp-json\/wp\/v2\/comments?post=38463"}],"version-history":[{"count":2,"href":"https:\/\/mie-scintron.com\/de\/wp-json\/wp\/v2\/pages\/38463\/revisions"}],"predecessor-version":[{"id":53364,"href":"https:\/\/mie-scintron.com\/de\/wp-json\/wp\/v2\/pages\/38463\/revisions\/53364"}],"wp:attachment":[{"href":"https:\/\/mie-scintron.com\/de\/wp-json\/wp\/v2\/media?parent=38463"}],"wp:term":[{"taxonomy":"category","embeddable":true,"href":"https:\/\/mie-scintron.com\/de\/wp-json\/wp\/v2\/categories?post=38463"},{"taxonomy":"post_tag","embeddable":true,"href":"https:\/\/mie-scintron.com\/de\/wp-json\/wp\/v2\/tags?post=38463"}],"curies":[{"name":"wp","href":"https:\/\/api.w.org\/{rel}","templated":true}]}}