{"id":48080,"date":"2023-01-12T11:31:14","date_gmt":"2023-01-12T09:31:14","guid":{"rendered":"https:\/\/dev.mie-scintron.com\/?page_id=48080"},"modified":"2026-01-08T11:52:46","modified_gmt":"2026-01-08T09:52:46","slug":"ausbildung-bei-mie","status":"publish","type":"page","link":"https:\/\/mie-scintron.com\/de\/ausbildung-bei-mie\/","title":{"rendered":"Ausbildung bei MiE"},"content":{"rendered":"<div class=\"wpb-content-wrapper\"><p>[vc_row full_width=&#8220;stretch_row&#8220; content_placement=&#8220;middle&#8220; el_class=&#8220;scrollmagic-pin-spacer&#8220; css=&#8220;.vc_custom_1653394375881{margin-top: 0px !important;margin-bottom: 0px !important;padding-top: 50px !important;padding-bottom: 50px !important;background-image: url(https:\/\/mie-scintron.com\/wp-content\/uploads\/2020\/10\/bg-hexagon.jpg?id=39872) !important;background-position: center !important;background-repeat: no-repeat !important;background-size: cover !important;}&#8220;][vc_column css=&#8220;.vc_custom_1653394905612{background-position: center !important;background-repeat: no-repeat !important;background-size: cover !important;}&#8220; el_class=&#8220;white-box-black-text&#8220;][vc_column_text]<\/p>\n<h1 style=\"text-align: center;\">Deine Ausbildung bei MiE<\/h1>\n<p>[\/vc_column_text][\/vc_column][\/vc_row][vc_row][vc_column][vc_empty_space][\/vc_column][\/vc_row][vc_row equal_height=&#8220;yes&#8220; content_placement=&#8220;middle&#8220;][vc_column width=&#8220;1\/2&#8243; css=&#8220;.vc_custom_1673516908985{background-image: url(https:\/\/mie-scintron.com\/wp-content\/uploads\/2023\/01\/mechatronics.jpeg?id=48081) !important;background-position: center !important;background-repeat: no-repeat !important;background-size: cover !important;}&#8220;][vc_empty_space height=&#8220;300px&#8220;][\/vc_column][vc_column width=&#8220;1\/2&#8243;][vc_column_text css=&#8220;&#8220;]<\/p>\n<h6><a href=\"https:\/\/www.ausbildung-macht-mehr-aus-uns.de\/\" target=\"_blank\" rel=\"noopener\"><img class=\"alignright wp-image-53617 \" src=\"https:\/\/mie-scintron.com\/wp-content\/uploads\/2026\/01\/482x357px_IHK_Wir_bilden_aus_Website_Sticker_Hier_Koennenlernen_2026.jpg\" alt=\"\" width=\"323\" height=\"239\" srcset=\"https:\/\/mie-scintron.com\/wp-content\/uploads\/2026\/01\/482x357px_IHK_Wir_bilden_aus_Website_Sticker_Hier_Koennenlernen_2026.jpg 482w, https:\/\/mie-scintron.com\/wp-content\/uploads\/2026\/01\/482x357px_IHK_Wir_bilden_aus_Website_Sticker_Hier_Koennenlernen_2026-300x222.jpg 300w, https:\/\/mie-scintron.com\/wp-content\/uploads\/2026\/01\/482x357px_IHK_Wir_bilden_aus_Website_Sticker_Hier_Koennenlernen_2026-48x36.jpg 48w, https:\/\/mie-scintron.com\/wp-content\/uploads\/2026\/01\/482x357px_IHK_Wir_bilden_aus_Website_Sticker_Hier_Koennenlernen_2026-24x18.jpg 24w, https:\/\/mie-scintron.com\/wp-content\/uploads\/2026\/01\/482x357px_IHK_Wir_bilden_aus_Website_Sticker_Hier_Koennenlernen_2026-36x27.jpg 36w\" sizes=\"(max-width: 323px) 100vw, 323px\" \/><\/a>Ausbildung vs. Studium?<\/h6>\n<p>Eine Ausbildung ist eine hervorragende Alternative zu einem Studium, insbesondere f\u00fcr diejenigen, die einen praxisorientierten und schnellen Einstieg in die Arbeitswelt suchen.<\/p>\n<h6>Vorteile einer Ausbildung<\/h6>\n<p>Eine Ausbildung bietet auch die M\u00f6glichkeit, direkt in den Berufsalltag einzusteigen, Geld zu verdienen und praktische Erfahrungen zu sammeln. Auszubildende arbeiten bei uns von Anfang an mit erfahrenen Fachleuten zusammen und lernen dadurch die Anforderungen und Herausforderungen des Berufs direkt kennen. Du hast einen geregelten Arbeitstag und ein festes Einkommen und damit eine gute Work-Life-Balance.<\/p>\n<p>Zudem erh\u00e4ltst du gute Zukunftsaussichten, denn solide ausgebildete Kr\u00e4fte werden \u00fcberall gesucht &#8211; und f\u00fcrs Alter sorgst du nebenbei auch schon vor. Au\u00dferdem habt ihr nach der Ausbildung die M\u00f6glichkeit euch immer weiter zu qualifizieren und zu spezialisieren um Kenntnisse und F\u00e4higkeiten zu erweitern und den Karriereweg fortzusetzen.<\/p>\n<h6>Darum bei MiE<\/h6>\n<p>Neben der bereits genannten Vorz\u00fcge einer Ausbildung, gibt es bei MiE noch einige weitere Besonderheiten:<\/p>\n<p>MiE ist ein angesehener Familienbetrieb, der bereits seit Jahrzehnten in der Medizintechnik aktiv ist. Bei MiE wird immer nach vorne gedacht: wir entwickeln Bauteile, erstellen Prototypen und optimieren unsere Ger\u00e4te immer weiter &#8211; es wird also niemals langweilig.<\/p>\n<p>Zudem befinden sich bei MiE von der Entwicklung \u00fcber die Produktion bis hin zum Lager und dem Vertrieb alle Abteilungen unter einem Dach.\u00a0 Die Wege sind kurz und man lernt neben den direkten Kollegen auch viele andere Menschen und Abl\u00e4ufe kennen.[\/vc_column_text][\/vc_column][\/vc_row][vc_row][vc_column][vc_empty_space][\/vc_column][\/vc_row][vc_row css=&#8220;.vc_custom_1673518349079{padding-right: 0px !important;padding-left: 0px !important;}&#8220;][vc_column css=&#8220;.vc_custom_1673518342047{padding-right: 0px !important;padding-left: 0px !important;}&#8220;][vc_column_text css=&#8220;&#8220;]<\/p>\n<h6 style=\"text-align: center;\">F\u00fcr 2025 haben wir noch folgende Pl\u00e4tze frei<\/h6>\n<h4 style=\"text-align: center;\">Hier findest du unsere offenen Ausbildungsstellen:<\/h4>\n<p>[\/vc_column_text][vc_column_text]<div class=\"job_listings\" data-location=\"\" data-keywords=\"\" data-show_filters=\"false\" data-show_pagination=\"false\" data-per_page=\"100\" data-orderby=\"date\" data-order=\"asc\" data-categories=\"\" data-disable-form-state-storage=\"\" data-featured_first=\"false\" data-job_types=\"apprenticeship-place\" data-filled=\"false\" data-post_id=\"52502\" ><ul class=\"job_listings\">\n<li class=\"post-52499 job_listing type-job_listing status-publish job_listing_region-germany-de job_listing_region-seth-de job-type-ausbildungsplatz job-type-start-01-09-2028\" data-longitude=\"\" data-latitude=\"\">\n\t<a href=\"https:\/\/mie-scintron.com\/de\/jobs\/industriekauffrau-mann-m-w-d\/\">\n\t\t<img class=\"company_logo\" src=\"https:\/\/mie-scintron.com\/wp-content\/plugins\/wp-job-manager\/assets\/images\/company.png\" alt=\"Ausbildung zur \/ zum\" \/>\t\t<div class=\"position\">\n\t\t\t<h3>Industriekauffrau\/mann (m\/w\/d)<\/h3>\n\t\t\t<div class=\"company\">\n\t\t\t\t<strong>Ausbildung zur \/ zum<\/strong> \t\t\t\t\t\t\t<\/div>\n\t\t<\/div>\n\t\t<div class=\"location\">\n\t\t\tGermany, Seth\t\t<\/div>\n\t\t<ul class=\"meta\">\n\t\t\t\n\t\t\t\t\t\t\t\t\t\t\t\t\t\t\t\t<li class=\"job-type ausbildungsplatz\">Ausbildungsplatz<\/li>\n\t\t\t\t\t\t\t\t\t<li class=\"job-type start-01-09-2028-de\">Start 01.09.2028<\/li>\n\t\t\t\t\t\t\t\n\t\t\t<li class=\"date\"><time datetime=\"2022-01-20\">Ver\u00f6ffentlicht am Januar 20, 2022<\/time><\/li>\n\n\t\t\t\t\t<\/ul>\n\t<\/a>\n<\/li>\n<li class=\"post-52502 job_listing type-job_listing status-publish job_listing_region-germany-de job_listing_region-seth-de job-type-ausbildungsplatz job-type-start-01-08-2026 job_position_featured\" data-longitude=\"\" data-latitude=\"\">\n\t<a href=\"https:\/\/mie-scintron.com\/de\/jobs\/mechatroniker-in-m-w-d-2026\/\">\n\t\t<img class=\"company_logo\" src=\"https:\/\/mie-scintron.com\/wp-content\/plugins\/wp-job-manager\/assets\/images\/company.png\" alt=\"Ausbildung zum \/ zur\" \/>\t\t<div class=\"position\">\n\t\t\t<h3>Mechatroniker\/in (m\/w\/d)<\/h3>\n\t\t\t<div class=\"company\">\n\t\t\t\t<strong>Ausbildung zum \/ zur<\/strong> \t\t\t\t\t\t\t<\/div>\n\t\t<\/div>\n\t\t<div class=\"location\">\n\t\t\tGermany, Seth\t\t<\/div>\n\t\t<ul class=\"meta\">\n\t\t\t\n\t\t\t\t\t\t\t\t\t\t\t\t\t\t\t\t<li class=\"job-type ausbildungsplatz\">Ausbildungsplatz<\/li>\n\t\t\t\t\t\t\t\t\t<li class=\"job-type start-01-08-2026-de\">Start 01.08.2026<\/li>\n\t\t\t\t\t\t\t\n\t\t\t<li class=\"date\"><time datetime=\"2023-01-16\">Ver\u00f6ffentlicht am Januar 16, 2023<\/time><\/li>\n\n\t\t\t\t\t<\/ul>\n\t<\/a>\n<\/li>\n<\/ul>\n<\/div>[\/vc_column_text][\/vc_column][\/vc_row][vc_row][vc_column][vc_column_text]<\/p>\n<h4 style=\"text-align: center;\">Deine schriftlichen Bewerbungsunterlagen richte bitte an:<\/h4>\n<p style=\"text-align: center;\">MiE GmbH &#8211; Personalabteilung &#8211; Hauptstr. 112 &#8211; 23845 Seth<br \/>\noder per E-Mail an <a href=\"mailto:jobs@miegermany.de\">jobs@miegermany.de<\/a><\/p>\n<p>[\/vc_column_text][vc_empty_space][\/vc_column][\/vc_row]<\/p>\n<\/div>","protected":false},"excerpt":{"rendered":"<p>[vc_row full_width=&#8220;stretch_row&#8220; content_placement=&#8220;middle&#8220; el_class=&#8220;scrollmagic-pin-spacer&#8220; css=&#8220;.vc_custom_1653394375881{margin-top: 0px !important;margin-bottom: 0px !important;padding-top: 50px !important;padding-bottom: 50px !important;background-image: url(https:\/\/mie-scintron.com\/wp-content\/uploads\/2020\/10\/bg-hexagon.jpg?id=39872) !important;background-position: center !important;background-repeat: no-repeat !important;background-size: cover&#8230;<\/p>\n","protected":false},"author":1,"featured_media":48081,"parent":0,"menu_order":75,"comment_status":"closed","ping_status":"closed","template":"","meta":{"_acf_changed":false,"footnotes":""},"categories":[],"tags":[],"class_list":["post-48080","page","type-page","status-publish","has-post-thumbnail"],"acf":[],"_links":{"self":[{"href":"https:\/\/mie-scintron.com\/de\/wp-json\/wp\/v2\/pages\/48080","targetHints":{"allow":["GET"]}}],"collection":[{"href":"https:\/\/mie-scintron.com\/de\/wp-json\/wp\/v2\/pages"}],"about":[{"href":"https:\/\/mie-scintron.com\/de\/wp-json\/wp\/v2\/types\/page"}],"author":[{"embeddable":true,"href":"https:\/\/mie-scintron.com\/de\/wp-json\/wp\/v2\/users\/1"}],"replies":[{"embeddable":true,"href":"https:\/\/mie-scintron.com\/de\/wp-json\/wp\/v2\/comments?post=48080"}],"version-history":[{"count":35,"href":"https:\/\/mie-scintron.com\/de\/wp-json\/wp\/v2\/pages\/48080\/revisions"}],"predecessor-version":[{"id":53621,"href":"https:\/\/mie-scintron.com\/de\/wp-json\/wp\/v2\/pages\/48080\/revisions\/53621"}],"wp:featuredmedia":[{"embeddable":true,"href":"https:\/\/mie-scintron.com\/de\/wp-json\/wp\/v2\/media\/48081"}],"wp:attachment":[{"href":"https:\/\/mie-scintron.com\/de\/wp-json\/wp\/v2\/media?parent=48080"}],"wp:term":[{"taxonomy":"category","embeddable":true,"href":"https:\/\/mie-scintron.com\/de\/wp-json\/wp\/v2\/categories?post=48080"},{"taxonomy":"post_tag","embeddable":true,"href":"https:\/\/mie-scintron.com\/de\/wp-json\/wp\/v2\/tags?post=48080"}],"curies":[{"name":"wp","href":"https:\/\/api.w.org\/{rel}","templated":true}]}}