{"id":48112,"date":"2023-01-12T12:55:19","date_gmt":"2023-01-12T10:55:19","guid":{"rendered":"https:\/\/dev.mie-scintron.com\/?page_id=48112"},"modified":"2024-11-11T10:21:05","modified_gmt":"2024-11-11T08:21:05","slug":"schulerpraktika","status":"publish","type":"page","link":"https:\/\/mie-scintron.com\/de\/schulerpraktika\/","title":{"rendered":"Sch\u00fclerpraktika"},"content":{"rendered":"<div class=\"wpb-content-wrapper\"><p>[vc_row full_width=&#8220;stretch_row&#8220; content_placement=&#8220;middle&#8220; el_class=&#8220;scrollmagic-pin-spacer&#8220; css=&#8220;.vc_custom_1653394375881{margin-top: 0px !important;margin-bottom: 0px !important;padding-top: 50px !important;padding-bottom: 50px !important;background-image: url(https:\/\/mie-scintron.com\/wp-content\/uploads\/2020\/10\/bg-hexagon.jpg?id=39872) !important;background-position: center !important;background-repeat: no-repeat !important;background-size: cover !important;}&#8220;][vc_column css=&#8220;.vc_custom_1653394905612{background-position: center !important;background-repeat: no-repeat !important;background-size: cover !important;}&#8220; el_class=&#8220;white-box-black-text&#8220;][vc_column_text]<\/p>\n<h1 style=\"text-align: center;\">Dein Sch\u00fclerpraktikum bei MiE<\/h1>\n<p>[\/vc_column_text][\/vc_column][\/vc_row][vc_row][vc_column][vc_empty_space][\/vc_column][\/vc_row][vc_row equal_height=&#8220;yes&#8220; content_placement=&#8220;middle&#8220;][vc_column width=&#8220;1\/2&#8243; css=&#8220;.vc_custom_1673520887274{background-image: url(https:\/\/mie-scintron.com\/wp-content\/uploads\/2023\/01\/engineer-showing-teenage-apprentice-how-to-use-lat-2021-08-26-16-13-49-utc.jpeg?id=48114) !important;background-position: center !important;background-repeat: no-repeat !important;background-size: cover !important;}&#8220;][vc_empty_space height=&#8220;300px&#8220;][\/vc_column][vc_column width=&#8220;1\/2&#8243;][vc_column_text]<\/p>\n<h6>Das erwartet dich:<\/h6>\n<p>W\u00e4hrend des Praktikums an unserem Hauptstandort in Seth, wirst du Einblicke in die Produktion von Medizintechnikprodukten erhalten und die Gelegenheit haben, dich mit anderen Azubis auszutauschen. Du wirst die M\u00f6glichkeit haben, unter Anleitung von Ausbildern und Azubis, eigenst\u00e4ndig zu arbeiten und verschiedene technische Verfahren anzuwenden.<\/p>\n<p>Zus\u00e4tzlich erh\u00e4ltst du Informationen zum Bewerbungsprozess f\u00fcr zuk\u00fcnftige Karrierem\u00f6glichkeiten.<\/p>\n<h6>M\u00f6gliche Berufsbilder:<\/h6>\n<ul>\n<li>Industriekauffrau\/mann (m\/w\/d)<\/li>\n<li>Mechatroniker\/in (m\/w\/d)<\/li>\n<li>Industriemechaniker\/in (m\/w\/d)<\/li>\n<li>Elektroniker\/in (m\/w\/d)<\/li>\n<\/ul>\n<h6>Was wir von dir erwarten:<\/h6>\n<ul>\n<li>Mindestens 14 Jahre alt<\/li>\n<li>Interesse an Technik oder einer technischen Ausbildung<\/li>\n<li>Freude am Arbeiten im Team<\/li>\n<li>Ziel des Qualifizierenden Hauptschulabschlusses<\/li>\n<\/ul>\n<h6>Was wir dir bieten:<\/h6>\n<ul>\n<li>Realistische Einblicke in unsere technischen Ausbildungsberufe<\/li>\n<li>M\u00f6glichkeit, technische Abl\u00e4ufe und Prozesse kennenzulernen<\/li>\n<li>Informationen zum Bewerbungsprozess<\/li>\n<li>Freies Obst und Getr\u00e4nke<\/li>\n<\/ul>\n<p>[\/vc_column_text][\/vc_column][\/vc_row][vc_row][vc_column][vc_empty_space][\/vc_column][\/vc_row][vc_row][vc_column][vc_column_text]<\/p>\n<h4 style=\"text-align: center;\">Deine schriftlichen Bewerbungsunterlagen richte bitte an:<\/h4>\n<p style=\"text-align: center;\">MiE GmbH &#8211; Personalabteilung &#8211; Hauptstr. 112 &#8211; 23845 Seth<br \/>\noder per E-Mail an <a href=\"mailto:jobs@miegermany.de\">jobs@miegermany.de<\/a><\/p>\n<p>[\/vc_column_text][vc_empty_space][\/vc_column][\/vc_row]<\/p>\n<\/div>","protected":false},"excerpt":{"rendered":"<p>[vc_row full_width=&#8220;stretch_row&#8220; content_placement=&#8220;middle&#8220; el_class=&#8220;scrollmagic-pin-spacer&#8220; css=&#8220;.vc_custom_1653394375881{margin-top: 0px !important;margin-bottom: 0px !important;padding-top: 50px !important;padding-bottom: 50px !important;background-image: url(https:\/\/mie-scintron.com\/wp-content\/uploads\/2020\/10\/bg-hexagon.jpg?id=39872) !important;background-position: center !important;background-repeat: no-repeat !important;background-size: cover&#8230;<\/p>\n","protected":false},"author":1,"featured_media":48081,"parent":0,"menu_order":34,"comment_status":"closed","ping_status":"closed","template":"","meta":{"_acf_changed":false,"footnotes":""},"categories":[],"tags":[],"class_list":["post-48112","page","type-page","status-publish","has-post-thumbnail"],"acf":[],"_links":{"self":[{"href":"https:\/\/mie-scintron.com\/de\/wp-json\/wp\/v2\/pages\/48112","targetHints":{"allow":["GET"]}}],"collection":[{"href":"https:\/\/mie-scintron.com\/de\/wp-json\/wp\/v2\/pages"}],"about":[{"href":"https:\/\/mie-scintron.com\/de\/wp-json\/wp\/v2\/types\/page"}],"author":[{"embeddable":true,"href":"https:\/\/mie-scintron.com\/de\/wp-json\/wp\/v2\/users\/1"}],"replies":[{"embeddable":true,"href":"https:\/\/mie-scintron.com\/de\/wp-json\/wp\/v2\/comments?post=48112"}],"version-history":[{"count":8,"href":"https:\/\/mie-scintron.com\/de\/wp-json\/wp\/v2\/pages\/48112\/revisions"}],"predecessor-version":[{"id":48149,"href":"https:\/\/mie-scintron.com\/de\/wp-json\/wp\/v2\/pages\/48112\/revisions\/48149"}],"wp:featuredmedia":[{"embeddable":true,"href":"https:\/\/mie-scintron.com\/de\/wp-json\/wp\/v2\/media\/48081"}],"wp:attachment":[{"href":"https:\/\/mie-scintron.com\/de\/wp-json\/wp\/v2\/media?parent=48112"}],"wp:term":[{"taxonomy":"category","embeddable":true,"href":"https:\/\/mie-scintron.com\/de\/wp-json\/wp\/v2\/categories?post=48112"},{"taxonomy":"post_tag","embeddable":true,"href":"https:\/\/mie-scintron.com\/de\/wp-json\/wp\/v2\/tags?post=48112"}],"curies":[{"name":"wp","href":"https:\/\/api.w.org\/{rel}","templated":true}]}}