{"id":53957,"date":"2026-03-17T13:04:53","date_gmt":"2026-03-17T11:04:53","guid":{"rendered":"https:\/\/dev.mie-scintron.com\/test-template\/"},"modified":"2026-03-17T13:36:24","modified_gmt":"2026-03-17T11:36:24","slug":"test-template","status":"publish","type":"page","link":"https:\/\/mie-scintron.com\/de\/test-template\/","title":{"rendered":"test template"},"content":{"rendered":"<div class=\"wpb-content-wrapper\"><p>[vc_row][vc_column][vc_column_text]<div class=\"thegem-template-wrapper thegem-template-content thegem-template-53942\">[vc_row][vc_column][vc_column_text]f\u00fcr einen komfortablen Zugang auch f\u00fcr mobilit\u00e4tseingeschr\u00e4nkte Patienten[\/vc_column_text][\/vc_column][\/vc_row][vc_row][vc_column][vc_single_image image=\"53780\" img_size=\"full\" alignment=\"center\"][\/vc_column][\/vc_row]<\/div>[\/vc_column_text][\/vc_column][\/vc_row]<\/p>\n<\/div>","protected":false},"excerpt":{"rendered":"<p>[vc_row][vc_column][vc_column_text][\/vc_column_text][\/vc_column][\/vc_row]<\/p>\n","protected":false},"author":1,"featured_media":0,"parent":0,"menu_order":0,"comment_status":"closed","ping_status":"closed","template":"","meta":{"_acf_changed":false,"footnotes":""},"categories":[],"tags":[],"class_list":["post-53957","page","type-page","status-publish"],"acf":[],"_links":{"self":[{"href":"https:\/\/mie-scintron.com\/de\/wp-json\/wp\/v2\/pages\/53957","targetHints":{"allow":["GET"]}}],"collection":[{"href":"https:\/\/mie-scintron.com\/de\/wp-json\/wp\/v2\/pages"}],"about":[{"href":"https:\/\/mie-scintron.com\/de\/wp-json\/wp\/v2\/types\/page"}],"author":[{"embeddable":true,"href":"https:\/\/mie-scintron.com\/de\/wp-json\/wp\/v2\/users\/1"}],"replies":[{"embeddable":true,"href":"https:\/\/mie-scintron.com\/de\/wp-json\/wp\/v2\/comments?post=53957"}],"version-history":[{"count":4,"href":"https:\/\/mie-scintron.com\/de\/wp-json\/wp\/v2\/pages\/53957\/revisions"}],"predecessor-version":[{"id":53961,"href":"https:\/\/mie-scintron.com\/de\/wp-json\/wp\/v2\/pages\/53957\/revisions\/53961"}],"wp:attachment":[{"href":"https:\/\/mie-scintron.com\/de\/wp-json\/wp\/v2\/media?parent=53957"}],"wp:term":[{"taxonomy":"category","embeddable":true,"href":"https:\/\/mie-scintron.com\/de\/wp-json\/wp\/v2\/categories?post=53957"},{"taxonomy":"post_tag","embeddable":true,"href":"https:\/\/mie-scintron.com\/de\/wp-json\/wp\/v2\/tags?post=53957"}],"curies":[{"name":"wp","href":"https:\/\/api.w.org\/{rel}","templated":true}]}}